{"id":706,"date":"2018-10-12T09:38:53","date_gmt":"2018-10-12T07:38:53","guid":{"rendered":"https:\/\/afs-furtwangen.de\/?page_id=706"},"modified":"2023-09-10T16:56:59","modified_gmt":"2023-09-10T14:56:59","slug":"impressum-datenschutzerklaerung","status":"publish","type":"page","link":"https:\/\/www.afs-furtwangen.de\/index.php\/impressum-datenschutzerklaerung\/","title":{"rendered":"Impressum \/ Datenschutzerkl\u00e4rung"},"content":{"rendered":"<h3><strong>Impressum \/ Datenschutzerkl\u00e4rung<\/strong><\/h3>\n<p><strong>Herausgeber<\/strong><\/p>\n<p>Land Baden-W\u00fcrttemberg, vertreten durch<\/p>\n<p>Anne Frank Schule Furtwangen<br \/>\nIlbenstra\u00dfe 14-16<br \/>\nTelefon: 07723-6568200<br \/>\nFax: 07723-6568203<br \/>\nMail: <a href=\"https:\/\/www.afs-furtwangen.de\/ailto:sekretariat@afs-furtwangen.de\">sekretariat@afs-furtwangen.de<\/a><\/p>\n<p>Vertretungsberechtigte: Schulleitung, Katrin Disch, <a href=\"https:\/\/www.afs-furtwangen.de\/ailto:schulleitung@afs-furtwangen.de\">schulleitung@afs-furtwangen.de<\/a><\/p>\n<p><strong>Verantwortlich im Sinne von \u00a7 55 RStV <\/strong><\/p>\n<p>Anne Frank Schule Furtwangen<br \/>\nIlbenstra\u00dfe 14-16<br \/>\nTelefon: 07723-6568200<br \/>\nFax: 07723-6568203<br \/>\nMail: <a href=\"https:\/\/www.afs-furtwangen.de\/ailto:sekretariat@afs-furtwangen.de\">sekretariat@afs-furtwangen.de<\/a><\/p>\n<p>Schulleitung, Katrin Disch, <a href=\"https:\/\/www.afs-furtwangen.de\/ailto:schulleitung@afs-furtwangen.de\">schulleitung@afs-furtwangen.de<\/a><\/p>\n<p><strong>Webmaster: <\/strong>Ina Malsam-Murolo<strong><br \/>\n<\/strong><\/p>\n<p><strong>Datenschutzbeauftragter: <\/strong>Staatliches Schulamt Donaueschingen, Irmastra\u00dfe 7-9, 78166 Donaueschingen, <span style=\"color: #3366ff;\">datenschutz.schulen@ssa-ds.kv.bwl.de <\/span><strong><br \/>\n<\/strong><\/p>\n<p><strong>Diensteanbieter (Schultr\u00e4ger<\/strong>):<\/p>\n<p>Stadt Furtwangen im Schwarzwald<br \/>\nB\u00fcrgermeister Josef Herdner<br \/>\nMarktplatz 4<br \/>\nD-78120 Furtwangen<br \/>\nTelefon: +49 7723 939-0<br \/>\nFax: +49 7723 939-199<br \/>\nE-Mail: jherdner.stadt@furtwangen.de<br \/>\nHomepage: <u><a href=\"http:\/\/www.furtwangen.de\/\">www.furtwangen.de<\/a><\/u><\/p>\n<h3><\/h3>\n<h3><strong>Rechtliche Hinweise<\/strong><\/h3>\n<p><strong>Urheberrecht<\/strong><\/p>\n<p>Texte, Bilder, Grafiken und Fotos sowie die Gestaltung dieser Internetseiten unterliegen dem Urheberrecht. Sie d\u00fcrfen von Ihnen nur zum privaten und sonstigen eigenen Gebrauch im Rahmen des \u00a7 53 Urheberrechtsgesetz (UrhG) ohne jede \u00c4nderung vervielf\u00e4ltigt werden. Eine Verbreitung von Kopien (analog oder digital) oder Ausz\u00fcgen ist nur mit schriftlicher Genehmigung zul\u00e4ssig. Der Nachdruck und die Auswertung von Pressemitteilungen und Reden sind mit Quellenangabe gestattet.<\/p>\n<p>Texte, Bilder, Grafiken und sonstige Materialien k\u00f6nnen ganz oder teilweise dem Urheberrecht Dritter unterliegen. Die Inhalte Dritter sind als solche kenntlich gemacht und d\u00fcrfen ohne Einwilligung des Rechteinhabers nicht vervielf\u00e4ltigt, \u00f6ffentlich zug\u00e4nglich gemacht oder \u00f6ffentlich wiedergegeben werden.<\/p>\n<p><strong>Haftung f\u00fcr Inhalte <\/strong><\/p>\n<p>Die Informationen, die Sie auf diesem Internetauftritt vorfinden, wurden nach bestem Wissen und Gewissen sorgf\u00e4ltig zusammengestellt und gepr\u00fcft. F\u00fcr die Richtigkeit, Vollst\u00e4ndigkeit, Aktualit\u00e4t oder Qualit\u00e4t und jederzeitige Verf\u00fcgbarkeit der bereit gestellten Informationen wird jedoch keine Gew\u00e4hr \u00fcbernommen.<\/p>\n<p>Dienstanbieter sind gem\u00e4\u00df \u00a7 7 Abs.1 TMG f\u00fcr eigene Inhalte auf diesen Seiten nach den allgemeinen Gesetzen verantwortlich. Dienstanbieter sind jedoch nicht verpflichtet, \u00fcbermittelte oder gespeicherte fremde Informationen zu \u00fcberwachen o-der nach Umst\u00e4nden zu forschen, die auf eine rechtswidrige T\u00e4tigkeit hinweisen. Verpflichtungen zur Entfernung oder Sperrung der Nutzung von Informationen nach den allgemeinen Gesetzen bleiben hiervon unber\u00fchrt.<\/p>\n<p>Dieser Internetauftritt enth\u00e4lt auch Links oder Verweise auf Internetauftritte Dritter. Diese Links zu den Internetauftritten Dritter stellen keine Zustimmung zu deren Inhalten durch den Herausgeber dar.<\/p>\n<p>F\u00fcr die Inhalte der externen Links sind die jeweiligen Anbieter oder Betreiber (Urheber) der Seiten verantwortlich. Mit den Links zu anderen Internetauftritten wird den Nutzern lediglich der Zugang zur Nutzung der Inhalte vermittelt.<\/p>\n<p>Die externen Links wurden zum Zeitpunkt der Linksetzung nach bestem Wissen und Gewissen auf eventuelle Rechtsverst\u00f6\u00dfe \u00fcberpr\u00fcft. Eine st\u00e4ndige inhaltliche \u00dcberpr\u00fcfung der externen Links ist ohne konkrete Anhaltspunkte einer Rechtsverletzung nicht m\u00f6glich. Bei Verlinkungen auf die Webseiten Dritter, die au\u00dferhalb des Verantwortungsbereichs des Herausgebers liegen, w\u00fcrde eine Haftungsverpflichtung nur bestehen, wenn der Herausgeber von den rechtswidrigen Inhalten Kenntnis erlangen und es technisch m\u00f6glich und zumutbar w\u00e4re, die Nutzung dieser Inhalte zu verhindern. Sollten Sie der Ansicht sein, dass die verlinkten externen Seiten gegen geltendes Recht versto\u00dfen oder sonst unangemessene Inhalte haben, so teilen Sie uns dies bitte mit.<\/p>\n<h3><\/h3>\n<h3><strong>Datenschutzerkl\u00e4rung nach EU-DSVGO<\/strong><\/h3>\n<p><strong>Datenschutzerkl\u00e4rung<\/strong><\/p>\n<ol>\n<li>Verantwortlicher und Datenschutzbeauftragter<\/li>\n<\/ol>\n<p>1.1 Verantwortlicher gem. Art. 4 Abs. 7 EU-Datenschutz-Grundverordnung (EU-DSGVO) ist Cornelia Jauch <a href=\"mailto:schulleitung@afs-furtwangen.de\">schulleitung@afs-furtwangen.de<\/a>.<\/p>\n<p>1.2 Unseren Datenschutzbeauftragten erreichen Sie unter <a href=\"mailto:datenschutz@afs-furtwangen.de\">datenschutz@afs-furtwangen.de<\/a> oder unserer Postadresse mit dem Zusatz \u201eder Datenschutzbeauftragte\u201c.<\/p>\n<ol start=\"2\">\n<li>Information \u00fcber die Erhebung personenbezogener Daten, Speicherdauer<\/li>\n<\/ol>\n<p>2.1 Im Folgenden informieren wir \u00fcber die Erhebung personenbezogener Daten bei Nutzung unserer Website. Personenbezogene Daten sind alle Daten, die auf Sie pers\u00f6nlich beziehbar sind, z. B. Name, Adresse, E-Mail-Adressen, Nutzerverhalten.<\/p>\n<p>2.2 Bei Ihrer Kontaktaufnahme mit uns per E-Mail oder \u00fcber ein Kontaktformular werden die von Ihnen mitgeteilten Daten (Ihre E-Mail-Adresse, ggf. Ihr Name und Ihre Telefonnummer) von uns gespeichert, um Ihre Fragen zu beantworten. Die in diesem Zusammenhang anfallenden Daten l\u00f6schen wir, nachdem die Speicherung nicht mehr erforderlich ist, oder schr\u00e4nken die Verarbeitung ein, falls gesetzliche Aufbewahrungspflichten bestehen.<\/p>\n<p>2.3 Falls wir f\u00fcr einzelne Funktionen unseres Angebots auf beauftragte Dienstleister zur\u00fcckgreifen oder Ihre Daten f\u00fcr werbliche Zwecke nutzen m\u00f6chten, werden wir Sie untenstehend im Detail \u00fcber die jeweiligen Vorg\u00e4nge informieren. Dabei nennen wir auch die festgelegten Kriterien der Speicher-dauer.<\/p>\n<ol start=\"3\">\n<li>Ihre Rechte<\/li>\n<\/ol>\n<p>3.1 Sie haben gegen\u00fcber uns folgende Rechte hinsichtlich der Sie betreffenden personenbezogenen Daten:<br \/>\n\u2013 Recht auf Auskunft,<br \/>\n\u2013 Recht auf Berichtigung oder L\u00f6schung,<br \/>\n\u2013 Recht auf Einschr\u00e4nkung der Verarbeitung,<br \/>\n\u2013 Recht auf Widerspruch gegen die Verarbeitung,<br \/>\n\u2013 Recht auf Daten\u00fcbertragbarkeit.<\/p>\n<p>3.2 Sie haben zudem das Recht, sich bei einer Datenschutz-Aufsichtsbeh\u00f6rde \u00fcber die Verarbeitung Ihrer personenbezogenen Daten durch uns zu beschweren. Die Datenschutzaufsichtsbeh\u00f6rde ist der <em>Landesbeauftragte f\u00fcr den Datenschutz und die Informationsfreiheit (LfDI), K\u00f6nigstrasse 10a, 70173 Stuttgart. <\/em><\/p>\n<p>3.4 Werden personenbezogene Daten an ein Drittland oder an eine internationale Organisation<\/p>\n<p>\u00fcbermittelt, so haben Sie das Recht, \u00fcber die geeigneten Garantien gem\u00e4\u00df Art. 46 EU-DSGVO im Zusammenhang mit der \u00dcbermittlung unterrichtet zu werden.<\/p>\n<ol start=\"4\">\n<li>Erhebung und Zweck personenbezogener Daten bei Besuch unserer Website<\/li>\n<\/ol>\n<p>4.1 Bei der blo\u00df informatorischen Nutzung der Website, also, wenn Sie sich nicht registrieren oder uns anderweitig Informationen \u00fcbermitteln, erheben wir nur die personenbezogenen Daten, die Ihr Browser an unseren Server \u00fcbermittelt. Wenn Sie unsere Website betrachten m\u00f6chten, erheben wir die folgenden Daten, die f\u00fcr uns technisch erforderlich sind, um Ihnen unsere Website anzuzeigen und die Stabilit\u00e4t und Sicherheit zu gew\u00e4hrleisten (Rechtsgrundlage ist Art. 6 Abs. 1 S. 1 lit. f EU-DSGVO):<\/p>\n<ul>\n<li>IP-Adresse<\/li>\n<li>Datum und Uhrzeit der Anfrage<\/li>\n<li>Zeitzonendifferenz zur Greenwich Mean Time (GMT)<\/li>\n<li>Inhalt der Anforderung (konkrete Seite)<\/li>\n<li>Zugriffsstatus\/HTTP-Statuscode<\/li>\n<li>jeweils \u00fcbertragene Datenmenge<\/li>\n<li>Website, von der die Anforderung kommt<\/li>\n<li>Browser<\/li>\n<li>Betriebssystem und dessen Oberfl\u00e4che<\/li>\n<li>Sprache und Version der Browsersoftware.<\/li>\n<\/ul>\n<p>4.2 Zus\u00e4tzlich zu den zuvor genannten Daten werden bei Ihrer Nutzung unserer Website Cookies auf Ihrem Rechner gespeichert. Bei Cookies handelt es sich um kleine Textdateien, die auf Ihrer Festplatte dem von Ihnen verwendeten Browser zugeordnet gespeichert werden und durch welche der Stelle, die die Cookies setzt (hier durch uns), bestimmte Informationen zuflie\u00dfen. Cookies k\u00f6nnen keine Programme ausf\u00fchren oder Viren auf Ihren Computer \u00fcbertragen. Sie dienen dazu, das Internetangebot insgesamt nutzerfreundlicher und effektiver zu machen.<br \/>\n<strong>\u00a0<\/strong><\/p>\n<h3><strong>Zus\u00e4tzlich durch Recherche:<\/strong><\/h3>\n<p><strong>Rechtlicher Hinweis<\/strong><\/p>\n<p>Wir als Grundschule in Furtwangen bem\u00fchen uns die Pflege der Webseite aktuell, richtig und vollst\u00e4ndig mit Informationen zur Verf\u00fcgung zu stellen, wir \u00fcbernehmen jedoch keine Haftung oder Garantie f\u00fcr Richtigkeit, Vollst\u00e4ndigkeit oder Aktualit\u00e4t f\u00fcr die von uns ver\u00f6ffentlichten Informationen.<\/p>\n<p><strong>Bildrechte<\/strong><\/p>\n<p>Das Urheberrecht der Bilder unserer Webseite liegt bei der Anne Frank Schule Furtwangen. Ihre Verwendung ist ausschlie\u00dflich f\u00fcr den privaten und nicht kommerziellen Gebrauch gestattet. Eine kommerzielle Verwendung ist nur mit schriftlicher Anfrage und schriftlicher Zustimmung der Schulleitung gestattet.<\/p>\n<p>Unsere Bilder sind nach dem Recht am eigenen Bild ausgew\u00e4hlt. Zu Beginn des Schuljahres fragen wir per schriftlichem Formular an die Eltern die Abbildungsrechte ab. Wir bem\u00fchen uns nur Bilder zu ver\u00f6ffentlichen auf dem nur die Kinder abgebildet sind, von denen wir eine Berechtigung schriftlich haben, sollten Sie auf einem Bild ein Kind finden, das nicht darauf sein sollte, kontaktieren Sie bitte unsere Verwaltung und das Bild wird umgehend entfernt.<\/p>\n<p><strong>Haftungshinweis<\/strong><\/p>\n<p>Trotz mehrfacher und sorgf\u00e4ltiger inhaltlicher Kontrolle \u00fcbernehmen wir keine Haftung f\u00fcr die Inhalte externer Links. Die Verantwortung f\u00fcr die Inhalte der von uns verlinkten Webseiten sind ausschlie\u00dflich deren Betreiber.<\/p>\n<p><strong>Urheberrechte (Copyright)<\/strong><\/p>\n<p>Alle auf dieser Webseite ver\u00f6ffentlichen Daten sind urheberrechtlich gesch\u00fctzt. F\u00fcr Verwertung der Daten ist eine schriftliche Zustimmung Pflicht. Dies gilt insbesondere f\u00fcr Vervielf\u00e4ltigung, Speicherung, Verarbeitung und Wiedergabe inhaltlicher Informationen anderer Medien auch auszugsweise. Unerlaubte Weitergabe, Verwendung oder Vervielf\u00e4ltigung vollst\u00e4ndiger Inhalte oder Einzelner Bereiche ist nicht erlaubt und wird strafrechtlich verfolgt. Beitr\u00e4ge oder Inhalte von Dritten in Form von einem Link sind als diese gekennzeichnet. Erlaubt sind lediglich Kopien, Speicherung oder Herunterladen von Dateien oder Informationen f\u00fcr den privaten, pers\u00f6nlichen und nicht kommerziellen Gebrauch. Die Links zu anderen Webseiten k\u00f6nnen ohne zus\u00e4tzliche Erlaubnis des Betreibers genutzt werden. Rechtlicher Hinweis zur Nutzung der Links dient lediglich als Verweis, der Inhalt dieser Seiten ist nicht von uns, wir \u00fcbernehmen keinerlei Verantwortung \u00fcber den Inhalt verlinkter Webseiten.<\/p>\n<h3><strong>Datenschutz<\/strong><\/h3>\n<p><strong>Speicherung und Verarbeitung personenbezogener Daten<\/strong><\/p>\n<p>Sofern innerhalb der Webseitennutzung pers\u00f6nliche Daten angefordert werden, dann nur um Kontakt zur Verwaltung herstellen zu k\u00f6nnen. Diese Preisgabe an uns erfolgt jedoch nur auf freiwilliger Basis. In keinem Fall erfolgt eine Weitergabe oder ein Verkauf der erhobenen Daten an Dritte ohne eine schriftliche Zustimmung. Durch verfassen von Inhalten durch Dritte m\u00fcssen Angaben mit Kontaktdaten des Verfassers enthalten sein. Eine Weitergabe kann somit nicht ausgeschlossen werden. Dritte werden nicht \u00fcber von uns erhobene Daten informiert.<\/p>\n<p>Gem\u00e4\u00df \u00a7 33 Bundesdatenschutzgesetz (BDSG) informieren wir sie, dass Ihre personenbezogenen Daten nach dieser Ma\u00dfgabe der anwendbaren Datenschutzbestimmung \u00fcbertragen oder gespeichert werden.<\/p>\n<p><strong>Wissenswertes und Ihre Rechte<\/strong><\/p>\n<p>Gem\u00e4\u00df Datenschutzgrundverordnung (DSGVO) geltende Rechte:<br \/>\n&#8211; Information und Auskunft \u00fcber die von Ihnen erhobenen Daten<br \/>\n&#8211; die Berechtigung an Ihren Daten<br \/>\n&#8211; Recht auf Widerspruch, Einschr\u00e4nkung oder L\u00f6schung Ihrer Daten<br \/>\n&#8211; Beschwerderecht bei der zust\u00e4ndigen Beh\u00f6rde<br \/>\n&#8211; Recht auf Daten\u00fcbertragung<\/p>\n<p><strong>Widerspruch zur Verarbeitung<\/strong><\/p>\n<p>Gr\u00fcnde f\u00fcr einen Widerspruch:<\/p>\n<p>&#8211; Verarbeitung ist nicht rechtm\u00e4\u00dfig<br \/>\n&#8211; Richtigkeit der Daten wird angezweifelt<br \/>\n&#8211; Zweck der Kommunikation oder Verarbeitung ist beendet<br \/>\n&#8211; Ein Widerspruch gem\u00e4\u00df DSGVO in Kraft tritt<\/p>\n<p>Das L\u00f6schen Ihrer Daten erfolgt gem\u00e4\u00df DSGVO, wenn:<br \/>\n&#8211; Die Kommunikation beendet ist<br \/>\n&#8211; ein Widerruf gegen die Einwilligung vorliegt<br \/>\n&#8211; Daten nicht rechtsgem\u00e4\u00df behandelt wurden<br \/>\n&#8211; laut EU-Recht die Pflicht zum L\u00f6schen in Kraft tritt<\/p>\n<p><strong>Kontaktformular<\/strong><\/p>\n<p>Das Kontaktformular dient lediglich zur Kontaktaufnahme. Die pers\u00f6nlichen Daten werden ausschlie\u00dflich zur Bearbeitung Ihrer W\u00fcnsche, Anregungen oder Interessen verwendet. Wir nehmen pers\u00f6nliche Daten in den elektronischen Medien Datenbestand auf, eine Weitergabe an Dritte ist jedoch ausgeschlossen.<\/p>\n<p>Verwendung der ver\u00f6ffentlichten Angaben \u00fcber die Kontaktdaten wie Telefon-, Faxnummer, Mailadressen oder Postanschriften im Impressum durch Dritte zum Zweck der \u00dcbersendung ist ausdr\u00fccklich verboten. Rechtliches Vorgehen gegen Absender bei Verst\u00f6\u00dfen gegen dieses Verbot sind vorbehalten.<\/p>\n<p><strong>Cookies<\/strong><\/p>\n<p>Es werden tempor\u00e4re Coockies verwendet, um eine effektive, moderne Webseite zu erm\u00f6glichen. Personenbezogene Daten werden hierbei nicht gespeichert. Die Daten werden maximal 24 Stunden erhoben.<\/p>\n<p><strong><a href=\"#\">Nach Oben<\/a><\/strong><\/p>\n","protected":false},"excerpt":{"rendered":"<p>Impressum \/ Datenschutzerkl\u00e4rung Herausgeber Land Baden-W\u00fcrttemberg, vertreten durch Anne Frank Schule Furtwangen Ilbenstra\u00dfe 14-16 Telefon: 07723-6568200 Fax: 07723-6568203 Mail: sekretariat@afs-furtwangen.de Vertretungsberechtigte: Schulleitung, Katrin Disch, schulleitung@afs-furtwangen.de Verantwortlich im Sinne von \u00a7 55 RStV Anne Frank Schule Furtwangen Ilbenstra\u00dfe 14-16 Telefon: 07723-6568200 Fax: 07723-6568203 Mail: sekretariat@afs-furtwangen.de Schulleitung, Katrin Disch, schulleitung@afs-furtwangen.de Webmaster: Ina Malsam-Murolo Datenschutzbeauftragter: Staatliches Schulamt Donaueschingen, &hellip;<\/p>\n<p class=\"read-more\"> <a class=\"\" href=\"https:\/\/www.afs-furtwangen.de\/index.php\/impressum-datenschutzerklaerung\/\"> <span class=\"screen-reader-text\">Impressum \/ Datenschutzerkl\u00e4rung<\/span> Weiterlesen &raquo;<\/a><\/p>\n","protected":false},"author":1,"featured_media":0,"parent":0,"menu_order":0,"comment_status":"closed","ping_status":"closed","template":"","meta":{"site-sidebar-layout":"default","site-content-layout":"default","ast-site-content-layout":"default","site-content-style":"default","site-sidebar-style":"default","ast-global-header-display":"","ast-banner-title-visibility":"","ast-main-header-display":"","ast-hfb-above-header-display":"","ast-hfb-below-header-display":"","ast-hfb-mobile-header-display":"","site-post-title":"disabled","ast-breadcrumbs-content":"","ast-featured-img":"disabled","footer-sml-layout":"","theme-transparent-header-meta":"default","adv-header-id-meta":"","stick-header-meta":"","header-above-stick-meta":"","header-main-stick-meta":"","header-below-stick-meta":"","astra-migrate-meta-layouts":"set","footnotes":""},"class_list":["post-706","page","type-page","status-publish","hentry"],"_links":{"self":[{"href":"https:\/\/www.afs-furtwangen.de\/index.php\/wp-json\/wp\/v2\/pages\/706","targetHints":{"allow":["GET"]}}],"collection":[{"href":"https:\/\/www.afs-furtwangen.de\/index.php\/wp-json\/wp\/v2\/pages"}],"about":[{"href":"https:\/\/www.afs-furtwangen.de\/index.php\/wp-json\/wp\/v2\/types\/page"}],"author":[{"embeddable":true,"href":"https:\/\/www.afs-furtwangen.de\/index.php\/wp-json\/wp\/v2\/users\/1"}],"replies":[{"embeddable":true,"href":"https:\/\/www.afs-furtwangen.de\/index.php\/wp-json\/wp\/v2\/comments?post=706"}],"version-history":[{"count":32,"href":"https:\/\/www.afs-furtwangen.de\/index.php\/wp-json\/wp\/v2\/pages\/706\/revisions"}],"predecessor-version":[{"id":2449,"href":"https:\/\/www.afs-furtwangen.de\/index.php\/wp-json\/wp\/v2\/pages\/706\/revisions\/2449"}],"wp:attachment":[{"href":"https:\/\/www.afs-furtwangen.de\/index.php\/wp-json\/wp\/v2\/media?parent=706"}],"curies":[{"name":"wp","href":"https:\/\/api.w.org\/{rel}","templated":true}]}}