{"id":2252,"date":"2020-07-02T09:47:34","date_gmt":"2020-07-02T07:47:34","guid":{"rendered":"https:\/\/www.afs-furtwangen.de\/?page_id=2252"},"modified":"2023-10-05T08:13:13","modified_gmt":"2023-10-05T06:13:13","slug":"naturparkschule","status":"publish","type":"page","link":"https:\/\/www.afs-furtwangen.de\/index.php\/ueber-uns\/naturparkschule\/","title":{"rendered":"Naturpark-Schule"},"content":{"rendered":"\n<figure class=\"wp-block-image aligncenter size-large is-resized\"><img decoding=\"async\" src=\"https:\/\/www.afs-furtwangen.de\/wp-content\/uploads\/2020\/07\/LogoNP-Schule-1.jpg\" alt=\"\" class=\"wp-image-2292\" style=\"width:120px;height:165px\" width=\"120\" height=\"165\" srcset=\"https:\/\/www.afs-furtwangen.de\/wp-content\/uploads\/2020\/07\/LogoNP-Schule-1.jpg 310w, https:\/\/www.afs-furtwangen.de\/wp-content\/uploads\/2020\/07\/LogoNP-Schule-1-217x300.jpg 217w\" sizes=\"(max-width: 120px) 100vw, 120px\" \/><\/figure>\n\n\n\n<div><hr><\/div>\n\n\n\n<p><strong>&nbsp;<\/strong><strong>Der Naturpark S\u00fcdschwarzwald&#8230;<\/strong><\/p>\n\n\n\n<p>&#8230;gilt als eine der sch\u00f6nsten Erholungsregionen Deutschlands. Hier kann man Berge, Schluchten, Moore und Felsen sehen, alte Schwarzwaldh\u00f6fe besuchen, durch dichte W\u00e4lder wandern und bl\u00fchende Wiesen und Weiden mit vielen Pflanzen und Tieren erkunden. Der S\u00fcdschwarzwald ist ein toller Lebens- und Erlebnisraum und hat so einiges zu bieten: Natur, Kultur, Tradition und Heimat. Hier leben viele Menschen, und viele weitere kommen her, um ihren Urlaub bei uns zu verbringen.<br>Der Naturpark S\u00fcdschwarzwald hat sich zur Aufgabe gemacht, die typische Landschaft unserer Region zu erhalten und dabei die Bed\u00fcrfnisse der Menschen mit denen der Natur zu vereinbaren. Er unterst\u00fctzt viele Ma\u00dfnahmen, zum Beispiel in der Landwirtschaft, im Tourismus, im Naturschutz, in der Architektur und nat\u00fcrlich auch in der Bildung.<\/p>\n\n\n\n<p><strong>Was ist eine Naturpark-Schule?<\/strong><\/p>\n\n\n\n<p>Eine Naturpark-Schule ist keine Schule wie jede andere. Die Kinder haben alle normalen F\u00e4cher wie Mathematik, Deutsch und Sport. Sie lernen aber au\u00dferdem auch ganz viel dar\u00fcber, was in ihrem Heimatort und im ganzen Naturpark S\u00fcdschwarzwald alles passiert: Sie finden zum Beispiel in der 2. Klasse heraus, wie die Kuh aus Gras Milch macht oder wie der Kuckuck in die Uhr kam.<br>Hierf\u00fcr sind nat\u00fcrlich die Lehrerinnen und Lehrer wichtig, und dazu auch der Landwirt, die F\u00f6rsterin, der Handwerksbetrieb oder der Brauchtumsverein aus dem Ort und der n\u00e4heren Umgebung.<br>Die Kinder lernen aber nicht nur \u00fcber ihre Heimat etwas, sondern auch \u00fcber das Leben an anderen Orten auf der Welt und dar\u00fcber, wie alles miteinander zusammen h\u00e4ngt.<br>Im Naturpark gibt es schon ein ganzes Netzwerk von Naturpark-Schulen. Zurzeit nehmen 29 Schulen aus 26 St\u00e4dten und Gemeinden daran teil.<\/p>\n\n\n\n<h6 class=\"wp-block-heading\">Quelle: Naturpark S\u00fcdschwarzwald <a href=\"https:\/\/www.naturpark-suedschwarzwald.de\/de\/freizeit-sport\/naturpark-schulen.php\"><span style=\"color: #0000ff;\">https:\/\/www.naturpark-suedschwarzwald.de\/de\/freizeit-sport\/naturpark-schulen.php<\/span><\/a><\/h6>\n\n\n\n<p>&nbsp;<\/p>\n\n\n\n<figure class=\"wp-block-image aligncenter size-large is-resized\"><img fetchpriority=\"high\" decoding=\"async\" src=\"https:\/\/www.afs-furtwangen.de\/wp-content\/uploads\/2020\/07\/grafik.png\" alt=\"\" class=\"wp-image-2318\" style=\"width:423px;height:301px\" width=\"423\" height=\"301\" srcset=\"https:\/\/www.afs-furtwangen.de\/wp-content\/uploads\/2020\/07\/grafik.png 989w, https:\/\/www.afs-furtwangen.de\/wp-content\/uploads\/2020\/07\/grafik-300x214.png 300w, https:\/\/www.afs-furtwangen.de\/wp-content\/uploads\/2020\/07\/grafik-768x547.png 768w\" sizes=\"(max-width: 423px) 100vw, 423px\" \/><\/figure>\n","protected":false},"excerpt":{"rendered":"<p>&nbsp;Der Naturpark S\u00fcdschwarzwald&#8230; &#8230;gilt als eine der sch\u00f6nsten Erholungsregionen Deutschlands. Hier kann man Berge, Schluchten, Moore und Felsen sehen, alte Schwarzwaldh\u00f6fe besuchen, durch dichte W\u00e4lder wandern und bl\u00fchende Wiesen und Weiden mit vielen Pflanzen und Tieren erkunden. Der S\u00fcdschwarzwald ist ein toller Lebens- und Erlebnisraum und hat so einiges zu bieten: Natur, Kultur, Tradition und &hellip;<\/p>\n<p class=\"read-more\"> <a class=\"\" href=\"https:\/\/www.afs-furtwangen.de\/index.php\/ueber-uns\/naturparkschule\/\"> <span class=\"screen-reader-text\">Naturpark-Schule<\/span> Weiterlesen &raquo;<\/a><\/p>\n","protected":false},"author":41,"featured_media":0,"parent":1545,"menu_order":0,"comment_status":"closed","ping_status":"closed","template":"","meta":{"site-sidebar-layout":"default","site-content-layout":"default","ast-site-content-layout":"default","site-content-style":"default","site-sidebar-style":"default","ast-global-header-display":"","ast-banner-title-visibility":"","ast-main-header-display":"","ast-hfb-above-header-display":"","ast-hfb-below-header-display":"","ast-hfb-mobile-header-display":"","site-post-title":"","ast-breadcrumbs-content":"","ast-featured-img":"","footer-sml-layout":"","theme-transparent-header-meta":"default","adv-header-id-meta":"","stick-header-meta":"","header-above-stick-meta":"","header-main-stick-meta":"","header-below-stick-meta":"","astra-migrate-meta-layouts":"set","footnotes":""},"class_list":["post-2252","page","type-page","status-publish","hentry"],"_links":{"self":[{"href":"https:\/\/www.afs-furtwangen.de\/index.php\/wp-json\/wp\/v2\/pages\/2252","targetHints":{"allow":["GET"]}}],"collection":[{"href":"https:\/\/www.afs-furtwangen.de\/index.php\/wp-json\/wp\/v2\/pages"}],"about":[{"href":"https:\/\/www.afs-furtwangen.de\/index.php\/wp-json\/wp\/v2\/types\/page"}],"author":[{"embeddable":true,"href":"https:\/\/www.afs-furtwangen.de\/index.php\/wp-json\/wp\/v2\/users\/41"}],"replies":[{"embeddable":true,"href":"https:\/\/www.afs-furtwangen.de\/index.php\/wp-json\/wp\/v2\/comments?post=2252"}],"version-history":[{"count":20,"href":"https:\/\/www.afs-furtwangen.de\/index.php\/wp-json\/wp\/v2\/pages\/2252\/revisions"}],"predecessor-version":[{"id":2589,"href":"https:\/\/www.afs-furtwangen.de\/index.php\/wp-json\/wp\/v2\/pages\/2252\/revisions\/2589"}],"up":[{"embeddable":true,"href":"https:\/\/www.afs-furtwangen.de\/index.php\/wp-json\/wp\/v2\/pages\/1545"}],"wp:attachment":[{"href":"https:\/\/www.afs-furtwangen.de\/index.php\/wp-json\/wp\/v2\/media?parent=2252"}],"curies":[{"name":"wp","href":"https:\/\/api.w.org\/{rel}","templated":true}]}}