{"id":178,"date":"2018-09-18T13:13:27","date_gmt":"2018-09-18T11:13:27","guid":{"rendered":"http:\/\/afs-furtwangen.de\/?page_id=178"},"modified":"2025-09-17T20:19:05","modified_gmt":"2025-09-17T18:19:05","slug":"team","status":"publish","type":"page","link":"https:\/\/www.afs-furtwangen.de\/index.php\/ueber-uns\/team\/","title":{"rendered":"Kollegium"},"content":{"rendered":"\n<h3 class=\"wp-block-heading\"><strong>Kollegium<\/strong><\/h3>\n\n\n\n<figure class=\"wp-block-image aligncenter size-large is-resized is-style-default\"><img fetchpriority=\"high\" decoding=\"async\" width=\"1024\" height=\"683\" src=\"https:\/\/www.afs-furtwangen.de\/wp-content\/uploads\/2025\/09\/DSC_2315-1024x683.jpg\" alt=\"\" class=\"wp-image-2623\" style=\"aspect-ratio:4\/3;object-fit:cover;width:700px;height:undefinedpx\" srcset=\"https:\/\/www.afs-furtwangen.de\/wp-content\/uploads\/2025\/09\/DSC_2315-1024x683.jpg 1024w, https:\/\/www.afs-furtwangen.de\/wp-content\/uploads\/2025\/09\/DSC_2315-300x200.jpg 300w, https:\/\/www.afs-furtwangen.de\/wp-content\/uploads\/2025\/09\/DSC_2315-768x512.jpg 768w, https:\/\/www.afs-furtwangen.de\/wp-content\/uploads\/2025\/09\/DSC_2315-1536x1024.jpg 1536w, https:\/\/www.afs-furtwangen.de\/wp-content\/uploads\/2025\/09\/DSC_2315-2048x1365.jpg 2048w\" sizes=\"(max-width: 1024px) 100vw, 1024px\" \/><\/figure>\n\n\n\n<p><\/p>\n\n\n\n<p>Frau K. Disch &#8211; Schulleitung<\/p>\n\n\n\n<p>Frau M. Fleig &#8211; Klasse 1, Jugend trainiert<\/p>\n\n\n\n<p>Frau E. Barth &#8211; Klasse 2, Kooperation Kinderg\u00e4rten<\/p>\n\n\n\n<p>Frau G. Altindis-Beha &#8211; Klasse 3<\/p>\n\n\n\n<p>Frau I. Malsam-Murolo, Frau D. Sch\u00e4tzle &#8211; Klasse 4, Kinderakademie und Schul-Info-App \/ Kooperation weiterf\u00fchrende Schulen<\/p>\n\n\n\n<p>Herr F. Pfl\u00fcger &#8211; Fachlehrer<\/p>\n\n\n\n<p>Frau M. Maier &#8211; P\u00e4dagogische Assistentin<\/p>\n\n\n\n<p>Frau A. Conrad &#8211; Refrendarin<\/p>\n\n\n\n<p>Frau L. Lux &#8211; Sozialp\u00e4dagogin<\/p>\n\n\n\n<p>Frau E. Musaj &#8211; FSJ<\/p>\n\n\n\n<p>Herr Ince &#8211; Muttersprachlicher Unterricht T\u00fcrkisch<\/p>\n\n\n\n<p>Frau H. M\u00f6ller &#8211; Sekret\u00e4rin<\/p>\n\n\n\n<p>Herr B. Schwer &#8211; Hausmeister<\/p>\n","protected":false},"excerpt":{"rendered":"<p>Kollegium Frau K. Disch &#8211; Schulleitung Frau M. Fleig &#8211; Klasse 1, Jugend trainiert Frau E. Barth &#8211; Klasse 2, Kooperation Kinderg\u00e4rten Frau G. Altindis-Beha &#8211; Klasse 3 Frau I. Malsam-Murolo, Frau D. Sch\u00e4tzle &#8211; Klasse 4, Kinderakademie und Schul-Info-App \/ Kooperation weiterf\u00fchrende Schulen Herr F. Pfl\u00fcger &#8211; Fachlehrer Frau M. Maier &#8211; P\u00e4dagogische Assistentin &hellip;<\/p>\n<p class=\"read-more\"> <a class=\"\" href=\"https:\/\/www.afs-furtwangen.de\/index.php\/ueber-uns\/team\/\"> <span class=\"screen-reader-text\">Kollegium<\/span> Weiterlesen &raquo;<\/a><\/p>\n","protected":false},"author":1,"featured_media":0,"parent":1545,"menu_order":2,"comment_status":"closed","ping_status":"closed","template":"","meta":{"site-sidebar-layout":"no-sidebar","site-content-layout":"page-builder","ast-site-content-layout":"full-width-container","site-content-style":"unboxed","site-sidebar-style":"unboxed","ast-global-header-display":"","ast-banner-title-visibility":"","ast-main-header-display":"","ast-hfb-above-header-display":"","ast-hfb-below-header-display":"","ast-hfb-mobile-header-display":"","site-post-title":"disabled","ast-breadcrumbs-content":"","ast-featured-img":"disabled","footer-sml-layout":"","theme-transparent-header-meta":"default","adv-header-id-meta":"","stick-header-meta":"","header-above-stick-meta":"","header-main-stick-meta":"","header-below-stick-meta":"","astra-migrate-meta-layouts":"set","footnotes":""},"class_list":["post-178","page","type-page","status-publish","hentry"],"_links":{"self":[{"href":"https:\/\/www.afs-furtwangen.de\/index.php\/wp-json\/wp\/v2\/pages\/178","targetHints":{"allow":["GET"]}}],"collection":[{"href":"https:\/\/www.afs-furtwangen.de\/index.php\/wp-json\/wp\/v2\/pages"}],"about":[{"href":"https:\/\/www.afs-furtwangen.de\/index.php\/wp-json\/wp\/v2\/types\/page"}],"author":[{"embeddable":true,"href":"https:\/\/www.afs-furtwangen.de\/index.php\/wp-json\/wp\/v2\/users\/1"}],"replies":[{"embeddable":true,"href":"https:\/\/www.afs-furtwangen.de\/index.php\/wp-json\/wp\/v2\/comments?post=178"}],"version-history":[{"count":78,"href":"https:\/\/www.afs-furtwangen.de\/index.php\/wp-json\/wp\/v2\/pages\/178\/revisions"}],"predecessor-version":[{"id":2627,"href":"https:\/\/www.afs-furtwangen.de\/index.php\/wp-json\/wp\/v2\/pages\/178\/revisions\/2627"}],"up":[{"embeddable":true,"href":"https:\/\/www.afs-furtwangen.de\/index.php\/wp-json\/wp\/v2\/pages\/1545"}],"wp:attachment":[{"href":"https:\/\/www.afs-furtwangen.de\/index.php\/wp-json\/wp\/v2\/media?parent=178"}],"curies":[{"name":"wp","href":"https:\/\/api.w.org\/{rel}","templated":true}]}}