{"id":176,"date":"2018-09-18T13:12:29","date_gmt":"2018-09-18T11:12:29","guid":{"rendered":"http:\/\/afs-furtwangen.de\/?page_id=176"},"modified":"2021-10-01T09:09:17","modified_gmt":"2021-10-01T07:09:17","slug":"leitbild","status":"publish","type":"page","link":"https:\/\/www.afs-furtwangen.de\/index.php\/ueber-uns\/leitbild\/","title":{"rendered":"Leitbild"},"content":{"rendered":"\n<h3 class=\"wp-block-heading\"><strong>Leitbild<\/strong><\/h3>\n\n\n\n<p><strong>Die Anne-Frank-Schule Furtwangen<\/strong><\/p>\n\n\n\n<p>Die Anne-Frank-Schule ist eine von zwei Grundschulen im Stadtgebiet von Furtwangen. Sie ist mittlerweile eine einz\u00fcgige Schule mit Wahlganztagesschule nach \u00a74a Schulgesetz &nbsp;an drei Tagen der Woche (Montag, Dienstag und Donnerstag).<\/p>\n\n\n\n<p>Unser Schulgeb\u00e4ude liegt seit September 2020 \u00fcbergangsweise an der Friedrichstra\u00dfe. Das Einzugsgebiet wird im Osten durch die Rabenstra\u00dfe begrenzt. Alle Kinder, die westlich der Rabenstra\u00dfe wohnen, geh\u00f6ren laut Stadtverordnung zum Schulbezirk der Anne-Frank-Grundschule.<\/p>\n\n\n\n<p>Aufgrund der Ganztagesbetreuung sind die Schulgrenzen f\u00fcr Grundsch\u00fcler nicht mehr so starr.&nbsp; Es besteht f\u00fcr alle, die sich f\u00fcr die Ganztagesbetreuung entscheiden die M\u00f6glichkeit, ihr Kind auf die Anne-Frank-Schule zu schicken.<\/p>\n\n\n\n<p>Die Anne-Frank-Schule ist \u00a0u.a. eine Schule mit Sportprofil. In Klasse drei und vier haben wir anstatt der \u00fcblichen drei Sportstunden in der Woche vier Stunden.\u00a0  Aktuell geht die Klasse 2 im Rahmen eines Begegnungsprojekts mit dem SBBZ alle vier Wochen einen Vormittag nach Unterkirnach\u00a0 zum Schwimmunterricht.<\/p>\n","protected":false},"excerpt":{"rendered":"<p>Leitbild Die Anne-Frank-Schule Furtwangen Die Anne-Frank-Schule ist eine von zwei Grundschulen im Stadtgebiet von Furtwangen. Sie ist mittlerweile eine einz\u00fcgige Schule mit Wahlganztagesschule nach \u00a74a Schulgesetz &nbsp;an drei Tagen der Woche (Montag, Dienstag und Donnerstag). Unser Schulgeb\u00e4ude liegt seit September 2020 \u00fcbergangsweise an der Friedrichstra\u00dfe. Das Einzugsgebiet wird im Osten durch die Rabenstra\u00dfe begrenzt. Alle &hellip;<\/p>\n<p class=\"read-more\"> <a class=\"\" href=\"https:\/\/www.afs-furtwangen.de\/index.php\/ueber-uns\/leitbild\/\"> <span class=\"screen-reader-text\">Leitbild<\/span> Weiterlesen &raquo;<\/a><\/p>\n","protected":false},"author":1,"featured_media":0,"parent":1545,"menu_order":1,"comment_status":"closed","ping_status":"closed","template":"","meta":{"site-sidebar-layout":"no-sidebar","site-content-layout":"page-builder","ast-site-content-layout":"","site-content-style":"default","site-sidebar-style":"default","ast-global-header-display":"","ast-banner-title-visibility":"","ast-main-header-display":"","ast-hfb-above-header-display":"","ast-hfb-below-header-display":"","ast-hfb-mobile-header-display":"","site-post-title":"disabled","ast-breadcrumbs-content":"","ast-featured-img":"disabled","footer-sml-layout":"","theme-transparent-header-meta":"default","adv-header-id-meta":"","stick-header-meta":"","header-above-stick-meta":"","header-main-stick-meta":"","header-below-stick-meta":"","astra-migrate-meta-layouts":"","footnotes":""},"class_list":["post-176","page","type-page","status-publish","hentry"],"_links":{"self":[{"href":"https:\/\/www.afs-furtwangen.de\/index.php\/wp-json\/wp\/v2\/pages\/176","targetHints":{"allow":["GET"]}}],"collection":[{"href":"https:\/\/www.afs-furtwangen.de\/index.php\/wp-json\/wp\/v2\/pages"}],"about":[{"href":"https:\/\/www.afs-furtwangen.de\/index.php\/wp-json\/wp\/v2\/types\/page"}],"author":[{"embeddable":true,"href":"https:\/\/www.afs-furtwangen.de\/index.php\/wp-json\/wp\/v2\/users\/1"}],"replies":[{"embeddable":true,"href":"https:\/\/www.afs-furtwangen.de\/index.php\/wp-json\/wp\/v2\/comments?post=176"}],"version-history":[{"count":30,"href":"https:\/\/www.afs-furtwangen.de\/index.php\/wp-json\/wp\/v2\/pages\/176\/revisions"}],"predecessor-version":[{"id":2391,"href":"https:\/\/www.afs-furtwangen.de\/index.php\/wp-json\/wp\/v2\/pages\/176\/revisions\/2391"}],"up":[{"embeddable":true,"href":"https:\/\/www.afs-furtwangen.de\/index.php\/wp-json\/wp\/v2\/pages\/1545"}],"wp:attachment":[{"href":"https:\/\/www.afs-furtwangen.de\/index.php\/wp-json\/wp\/v2\/media?parent=176"}],"curies":[{"name":"wp","href":"https:\/\/api.w.org\/{rel}","templated":true}]}}