{"id":1545,"date":"2018-12-05T10:14:31","date_gmt":"2018-12-05T09:14:31","guid":{"rendered":"https:\/\/www.afs-furtwangen.de\/?page_id=1545"},"modified":"2023-10-04T14:10:12","modified_gmt":"2023-10-04T12:10:12","slug":"ueber-uns","status":"publish","type":"page","link":"https:\/\/www.afs-furtwangen.de\/index.php\/ueber-uns\/","title":{"rendered":"\u00dcber Uns"},"content":{"rendered":"<h3><strong>\u00dcber Uns<\/strong><\/h3>\n<p><strong>Die Anne-Frank-Schule Furtwangen<\/strong><\/p>\n<p>Die Anne-Frank-Schule ist eine von zwei Grundschulen im Stadtgebiet von Furtwangen. Sie ist mittlerweile eine einz\u00fcgige Schule mit Wahlganztagesschule nach \u00a74a Schulgesetz \u00a0an drei Tagen der Woche (Montag, Dienstag und Donnerstag).<\/p>\n<p>Unser Schulgeb\u00e4ude liegt an der Ilbenstra\u00dfe. Das Einzugsgebiet wird im Osten durch die Rabenstra\u00dfe begrenzt. Alle Kinder, die westlich der Rabenstra\u00dfe wohnen, geh\u00f6ren laut Stadtverordnung zum Schulbezirk der Anne-Frank-Grundschule.<\/p>\n<p>Aufgrund der Ganztagesbetreuung sind die Schulgrenzen f\u00fcr Grundsch\u00fcler nicht mehr so starr.\u00a0 Es besteht f\u00fcr alle, die sich f\u00fcr die Ganztagesbetreuung entscheiden die M\u00f6glichkeit, ihr Kind auf die Anne-Frank-Schule zu schicken.<\/p>\n<p>Die Anne-Frank-Schule ist \u00a0u.a. eine Schule mit Sportprofil. In Klasse drei und vier haben wir anstatt der \u00fcblichen drei Sportstunden in der Woche vier Stunden.<\/p>\n<p>Hier k\u00f6nnen Sie unseren Flyer betrachten: \u00a0 \u00a0 \u00a0 \u00a0 <a href=\"https:\/\/www.afs-furtwangen.de\/wp-content\/uploads\/2019\/05\/FlyerGT_2019-20-\u00fca-1.pdf\">FlyerGT_2019-20 <\/a><\/p>\n","protected":false},"excerpt":{"rendered":"<p>\u00dcber Uns Die Anne-Frank-Schule Furtwangen Die Anne-Frank-Schule ist eine von zwei Grundschulen im Stadtgebiet von Furtwangen. Sie ist mittlerweile eine einz\u00fcgige Schule mit Wahlganztagesschule nach \u00a74a Schulgesetz \u00a0an drei Tagen der Woche (Montag, Dienstag und Donnerstag). Unser Schulgeb\u00e4ude liegt an der Ilbenstra\u00dfe. Das Einzugsgebiet wird im Osten durch die Rabenstra\u00dfe begrenzt. Alle Kinder, die westlich &hellip;<\/p>\n<p class=\"read-more\"> <a class=\"\" href=\"https:\/\/www.afs-furtwangen.de\/index.php\/ueber-uns\/\"> <span class=\"screen-reader-text\">\u00dcber Uns<\/span> Weiterlesen &raquo;<\/a><\/p>\n","protected":false},"author":1,"featured_media":0,"parent":0,"menu_order":0,"comment_status":"closed","ping_status":"closed","template":"","meta":{"site-sidebar-layout":"default","site-content-layout":"default","ast-site-content-layout":"default","site-content-style":"default","site-sidebar-style":"default","ast-global-header-display":"","ast-banner-title-visibility":"","ast-main-header-display":"","ast-hfb-above-header-display":"","ast-hfb-below-header-display":"","ast-hfb-mobile-header-display":"","site-post-title":"disabled","ast-breadcrumbs-content":"","ast-featured-img":"","footer-sml-layout":"","theme-transparent-header-meta":"default","adv-header-id-meta":"","stick-header-meta":"","header-above-stick-meta":"","header-main-stick-meta":"","header-below-stick-meta":"","astra-migrate-meta-layouts":"set","footnotes":""},"class_list":["post-1545","page","type-page","status-publish","hentry"],"_links":{"self":[{"href":"https:\/\/www.afs-furtwangen.de\/index.php\/wp-json\/wp\/v2\/pages\/1545","targetHints":{"allow":["GET"]}}],"collection":[{"href":"https:\/\/www.afs-furtwangen.de\/index.php\/wp-json\/wp\/v2\/pages"}],"about":[{"href":"https:\/\/www.afs-furtwangen.de\/index.php\/wp-json\/wp\/v2\/types\/page"}],"author":[{"embeddable":true,"href":"https:\/\/www.afs-furtwangen.de\/index.php\/wp-json\/wp\/v2\/users\/1"}],"replies":[{"embeddable":true,"href":"https:\/\/www.afs-furtwangen.de\/index.php\/wp-json\/wp\/v2\/comments?post=1545"}],"version-history":[{"count":10,"href":"https:\/\/www.afs-furtwangen.de\/index.php\/wp-json\/wp\/v2\/pages\/1545\/revisions"}],"predecessor-version":[{"id":2496,"href":"https:\/\/www.afs-furtwangen.de\/index.php\/wp-json\/wp\/v2\/pages\/1545\/revisions\/2496"}],"wp:attachment":[{"href":"https:\/\/www.afs-furtwangen.de\/index.php\/wp-json\/wp\/v2\/media?parent=1545"}],"curies":[{"name":"wp","href":"https:\/\/api.w.org\/{rel}","templated":true}]}}