{"id":1371,"date":"2018-11-29T10:57:22","date_gmt":"2018-11-29T09:57:22","guid":{"rendered":"https:\/\/www.afs-furtwangen.de\/?page_id=1371"},"modified":"2023-03-22T09:38:13","modified_gmt":"2023-03-22T08:38:13","slug":"foerderverein","status":"publish","type":"page","link":"https:\/\/www.afs-furtwangen.de\/index.php\/foerderverein\/","title":{"rendered":"F\u00f6rderverein"},"content":{"rendered":"\n<h3 class=\"wp-block-heading\"><strong>Unser F\u00f6rderverein<\/strong><\/h3>\n\n\n\n<figure class=\"wp-block-image\"><img decoding=\"async\" src=\"https:\/\/www.afs-furtwangen.de\/wp-content\/uploads\/2018\/12\/2014.02_beitrittserkl\u00e4rung_f\u00f6rderverein_anne_frank_schule_plakat-1.png\" alt=\"Das Plakat des F\u00f6rdervereins der Anne Frank Grundschule \" title=\"Plakat\"\/><\/figure>\n\n\n\n<figure class=\"wp-block-image\"><img decoding=\"async\" src=\"https:\/\/www.afs-furtwangen.de\/wp-content\/plugins\/beaver-builder-lite-version\/img\/pixel.png\" alt=\"\"\/><\/figure>\n\n\n\n<h2 class=\"wp-block-heading\"><a href=\"mailto:foerderverein@afs-furtwangen.de\">Kontakt F\u00f6rderverein: foerderverein@afs-furtwangen.de<\/a><\/h2>\n\n\n\n<p>Kontodaten: F\u00f6rderverein Anne-Frank-Schule Furtwangen e.V. <\/p>\n\n\n\n<p>IBAN: DE72 6945 0065 0151 0659 37<\/p>\n\n\n\n<p>BIC: SOLADES1VSS<\/p>\n","protected":false},"excerpt":{"rendered":"<p>Unser F\u00f6rderverein Kontakt F\u00f6rderverein: foerderverein@afs-furtwangen.de Kontodaten: F\u00f6rderverein Anne-Frank-Schule Furtwangen e.V. IBAN: DE72 6945 0065 0151 0659 37 BIC: SOLADES1VSS<\/p>\n","protected":false},"author":1,"featured_media":0,"parent":0,"menu_order":0,"comment_status":"closed","ping_status":"closed","template":"","meta":{"site-sidebar-layout":"no-sidebar","site-content-layout":"page-builder","ast-site-content-layout":"","site-content-style":"default","site-sidebar-style":"default","ast-global-header-display":"","ast-banner-title-visibility":"","ast-main-header-display":"","ast-hfb-above-header-display":"","ast-hfb-below-header-display":"","ast-hfb-mobile-header-display":"","site-post-title":"disabled","ast-breadcrumbs-content":"","ast-featured-img":"disabled","footer-sml-layout":"","theme-transparent-header-meta":"default","adv-header-id-meta":"","stick-header-meta":"","header-above-stick-meta":"","header-main-stick-meta":"","header-below-stick-meta":"","astra-migrate-meta-layouts":"","footnotes":""},"class_list":["post-1371","page","type-page","status-publish","hentry"],"_links":{"self":[{"href":"https:\/\/www.afs-furtwangen.de\/index.php\/wp-json\/wp\/v2\/pages\/1371","targetHints":{"allow":["GET"]}}],"collection":[{"href":"https:\/\/www.afs-furtwangen.de\/index.php\/wp-json\/wp\/v2\/pages"}],"about":[{"href":"https:\/\/www.afs-furtwangen.de\/index.php\/wp-json\/wp\/v2\/types\/page"}],"author":[{"embeddable":true,"href":"https:\/\/www.afs-furtwangen.de\/index.php\/wp-json\/wp\/v2\/users\/1"}],"replies":[{"embeddable":true,"href":"https:\/\/www.afs-furtwangen.de\/index.php\/wp-json\/wp\/v2\/comments?post=1371"}],"version-history":[{"count":14,"href":"https:\/\/www.afs-furtwangen.de\/index.php\/wp-json\/wp\/v2\/pages\/1371\/revisions"}],"predecessor-version":[{"id":2434,"href":"https:\/\/www.afs-furtwangen.de\/index.php\/wp-json\/wp\/v2\/pages\/1371\/revisions\/2434"}],"wp:attachment":[{"href":"https:\/\/www.afs-furtwangen.de\/index.php\/wp-json\/wp\/v2\/media?parent=1371"}],"curies":[{"name":"wp","href":"https:\/\/api.w.org\/{rel}","templated":true}]}}